{"id":1235,"date":"2016-11-15T07:07:28","date_gmt":"2016-11-15T07:07:28","guid":{"rendered":"http:\/\/localhost\/donald\/?page_id=1235"},"modified":"2016-11-15T07:07:28","modified_gmt":"2016-11-15T07:07:28","slug":"portfolio-no-gutter","status":"publish","type":"page","link":"https:\/\/www.sinanmertsener.com\/tr\/portfolio-no-gutter\/","title":{"rendered":"PORTFOLIO NO GUTTER"},"content":{"rendered":"<section class=\"vc_row wpb_row vc_row-fluid boxed\"><div class=\"row\"><div class=\"wpb_column vc_column_container vc_col-sm-12\"><div class=\"vc_column-inner\"><div class=\"wpb_wrapper\">\n\t<div class=\"ot-projects\">\n\n\t\t\t\t<div class=\"projectFilter text-center\">\n            <a href=\"#\" data-filter=\"*\" class=\"current\">ALL<\/a>\n\t            \t      \t<a href=\"#\" data-filter=\".education\">E\u011fitim<\/a>\n\t    \t\t      \t<a href=\"#\" data-filter=\".industrial\">Sanayi<\/a>\n\t    \t\t      \t<a href=\"#\" data-filter=\".interiors\">\u0130\u00e7 Mekanlar<\/a>\n\t    \t\t      \t<a href=\"#\" data-filter=\".master-plan\">Master Planlama<\/a>\n\t    \t\t      \t<a href=\"#\" data-filter=\".mixed-use\">Karma Kullan\u0131m<\/a>\n\t    \t\t      \t<a href=\"#\" data-filter=\".municipality\">Belediye<\/a>\n\t    \t\t      \t<a href=\"#\" data-filter=\".offices\">Ofis<\/a>\n\t    \t\t      \t<a href=\"#\" data-filter=\".ongoing\">Devam Eden<\/a>\n\t    \t\t      \t<a href=\"#\" data-filter=\".residential\">Konut<\/a>\n\t    \t\t      \t<a href=\"#\" data-filter=\".urban-transformation\">Kentsel D\u00f6n\u00fc\u015f\u00fcm<\/a>\n\t    \t  \t\t<\/div>\n\t\t\n\t\t<div class=\"list-portfolio-warp no-guter\">\n\t\t\t\t\t\t<div class=\"col-lg-3 col-md-4 col-sm-6 col-xs-12 element-item mixed-use offices ongoing residential\">\n\t            \n\t\t\t\t<div class=\"portfolio-home2-item\">\n\t\t\t\t\t<img src=\"https:\/\/www.sinanmertsener.com\/wp-content\/uploads\/2021\/01\/tek-kule-2-1.jpg\" class=\"img-responsive\" alt=\"\">\n\t\t\t\t\t<div class=\"overlay\">\n\t\t\t\t\t\t\t\t\t\t\t\t<a href=\"https:\/\/www.sinanmertsener.com\/tr\/portfolio\/endem-tv-tower-and-residence\/\" class=\"btn-detail-project\"><span class=\"lnr lnr-cross lnr-plus\"><\/span><\/a>\n\t\t\t\t\t\t\t\t\t\t\t\t<h4><a href=\"https:\/\/www.sinanmertsener.com\/tr\/portfolio\/endem-tv-tower-and-residence\/\">ENDEM TV TOWER AND RESIDENCE<\/a><\/h4>\n\t\t\t\t\t\t<span class=\"cate-project\">Karma Kullan\u0131m<span>, <\/span>Ofis<span>, <\/span>Devam Eden<span>, <\/span>Konut<span>, <\/span><\/span>\t\t\t\t\t<\/div>\n\t\t\t\t<\/div>\n\t            \n\t      \t<\/div>\n\t      \t\t\t\t<div class=\"col-lg-3 col-md-4 col-sm-6 col-xs-12 element-item education ongoing\">\n\t            \n\t\t\t\t<div class=\"portfolio-home2-item\">\n\t\t\t\t\t<img src=\"https:\/\/www.sinanmertsener.com\/wp-content\/uploads\/2019\/12\/featured.jpg\" class=\"img-responsive\" alt=\"\">\n\t\t\t\t\t<div class=\"overlay\">\n\t\t\t\t\t\t\t\t\t\t\t\t<a href=\"https:\/\/www.sinanmertsener.com\/tr\/portfolio\/nejat-eczacibasi-elemantary-school\/\" class=\"btn-detail-project\"><span class=\"lnr lnr-cross lnr-plus\"><\/span><\/a>\n\t\t\t\t\t\t\t\t\t\t\t\t<h4><a href=\"https:\/\/www.sinanmertsener.com\/tr\/portfolio\/nejat-eczacibasi-elemantary-school\/\">NEJAT ECZACIBA\u015eI \u0130LK\u00d6\u011eRET\u0130M OKULU<\/a><\/h4>\n\t\t\t\t\t\t<span class=\"cate-project\">E\u011fitim<span>, <\/span>Devam Eden<span>, <\/span><\/span>\t\t\t\t\t<\/div>\n\t\t\t\t<\/div>\n\t            \n\t      \t<\/div>\n\t      \t\t\t\t<div class=\"col-lg-3 col-md-4 col-sm-6 col-xs-12 element-item education ongoing\">\n\t            \n\t\t\t\t<div class=\"portfolio-home2-item\">\n\t\t\t\t\t<img src=\"https:\/\/www.sinanmertsener.com\/wp-content\/uploads\/2019\/12\/4-i\u00e7-meydan-ve-fak\u00fclte-1-e1577191024233.jpg\" class=\"img-responsive\" alt=\"\">\n\t\t\t\t\t<div class=\"overlay\">\n\t\t\t\t\t\t\t\t\t\t\t\t<a href=\"https:\/\/www.sinanmertsener.com\/tr\/portfolio\/kdz-eregli-campus-bulent-ecevit-university\/\" class=\"btn-detail-project\"><span class=\"lnr lnr-cross lnr-plus\"><\/span><\/a>\n\t\t\t\t\t\t\t\t\t\t\t\t<h4><a href=\"https:\/\/www.sinanmertsener.com\/tr\/portfolio\/kdz-eregli-campus-bulent-ecevit-university\/\">B\u00dcLENT ECEV\u0130T \u00dcN\u0130VERS\u0130TES\u0130 \u2013 KDZ ERE\u011eL\u0130 KAMP\u00dcS\u00dc<\/a><\/h4>\n\t\t\t\t\t\t<span class=\"cate-project\">E\u011fitim<span>, <\/span>Devam Eden<span>, <\/span><\/span>\t\t\t\t\t<\/div>\n\t\t\t\t<\/div>\n\t            \n\t      \t<\/div>\n\t      \t\t\t\t<div class=\"col-lg-3 col-md-4 col-sm-6 col-xs-12 element-item offices\">\n\t            \n\t\t\t\t<div class=\"portfolio-home2-item\">\n\t\t\t\t\t<img src=\"https:\/\/www.sinanmertsener.com\/wp-content\/uploads\/2019\/12\/IMG_20190905_102138.jpg\" class=\"img-responsive\" alt=\"\">\n\t\t\t\t\t<div class=\"overlay\">\n\t\t\t\t\t\t\t\t\t\t\t\t<a href=\"https:\/\/www.sinanmertsener.com\/tr\/portfolio\/izmir-administration-building\/\" class=\"btn-detail-project\"><span class=\"lnr lnr-cross lnr-plus\"><\/span><\/a>\n\t\t\t\t\t\t\t\t\t\t\t\t<h4><a href=\"https:\/\/www.sinanmertsener.com\/tr\/portfolio\/izmir-administration-building\/\">\u0130ZM\u0130R ALSANCAK Y\u00d6NET\u0130M B\u0130NASI<\/a><\/h4>\n\t\t\t\t\t\t<span class=\"cate-project\">Ofis<span>, <\/span><\/span>\t\t\t\t\t<\/div>\n\t\t\t\t<\/div>\n\t            \n\t      \t<\/div>\n\t      \t\t\t\t<div class=\"col-lg-3 col-md-4 col-sm-6 col-xs-12 element-item ongoing residential\">\n\t            \n\t\t\t\t<div class=\"portfolio-home2-item\">\n\t\t\t\t\t<img src=\"https:\/\/www.sinanmertsener.com\/wp-content\/uploads\/2019\/12\/3-3.jpg\" class=\"img-responsive\" alt=\"\">\n\t\t\t\t\t<div class=\"overlay\">\n\t\t\t\t\t\t\t\t\t\t\t\t<a href=\"https:\/\/www.sinanmertsener.com\/tr\/portfolio\/hopa-country-house\/\" class=\"btn-detail-project\"><span class=\"lnr lnr-cross lnr-plus\"><\/span><\/a>\n\t\t\t\t\t\t\t\t\t\t\t\t<h4><a href=\"https:\/\/www.sinanmertsener.com\/tr\/portfolio\/hopa-country-house\/\">HOPA KIR EV\u0130<\/a><\/h4>\n\t\t\t\t\t\t<span class=\"cate-project\">Devam Eden<span>, <\/span>Konut<span>, <\/span><\/span>\t\t\t\t\t<\/div>\n\t\t\t\t<\/div>\n\t            \n\t      \t<\/div>\n\t      \t\t\t\t<div class=\"col-lg-3 col-md-4 col-sm-6 col-xs-12 element-item municipality ongoing\">\n\t            \n\t\t\t\t<div class=\"portfolio-home2-item\">\n\t\t\t\t\t<img src=\"https:\/\/www.sinanmertsener.com\/wp-content\/uploads\/2019\/12\/featured-2.jpg\" class=\"img-responsive\" alt=\"\">\n\t\t\t\t\t<div class=\"overlay\">\n\t\t\t\t\t\t\t\t\t\t\t\t<a href=\"https:\/\/www.sinanmertsener.com\/tr\/portfolio\/karadeniz-eregli-zonguldak-municipality-building\/\" class=\"btn-detail-project\"><span class=\"lnr lnr-cross lnr-plus\"><\/span><\/a>\n\t\t\t\t\t\t\t\t\t\t\t\t<h4><a href=\"https:\/\/www.sinanmertsener.com\/tr\/portfolio\/karadeniz-eregli-zonguldak-municipality-building\/\">KDZ ERE\u011eL\u0130 BELED\u0130YE B\u0130NASI<\/a><\/h4>\n\t\t\t\t\t\t<span class=\"cate-project\">Belediye<span>, <\/span>Devam Eden<span>, <\/span><\/span>\t\t\t\t\t<\/div>\n\t\t\t\t<\/div>\n\t            \n\t      \t<\/div>\n\t      \t\t\t\t<div class=\"col-lg-3 col-md-4 col-sm-6 col-xs-12 element-item education mixed-use\">\n\t            \n\t\t\t\t<div class=\"portfolio-home2-item\">\n\t\t\t\t\t<img src=\"https:\/\/www.sinanmertsener.com\/wp-content\/uploads\/2018\/03\/14-e1577182978362.jpg\" class=\"img-responsive\" alt=\"\">\n\t\t\t\t\t<div class=\"overlay\">\n\t\t\t\t\t\t\t\t\t\t\t\t<a href=\"https:\/\/www.sinanmertsener.com\/tr\/portfolio\/20\/\" class=\"btn-detail-project\"><span class=\"lnr lnr-cross lnr-plus\"><\/span><\/a>\n\t\t\t\t\t\t\t\t\t\t\t\t<h4><a href=\"https:\/\/www.sinanmertsener.com\/tr\/portfolio\/20\/\">\u0130T\u00dc E\u011e\u0130T\u0130M BLO\u011eU<\/a><\/h4>\n\t\t\t\t\t\t<span class=\"cate-project\">E\u011fitim<span>, <\/span>Karma Kullan\u0131m<span>, <\/span><\/span>\t\t\t\t\t<\/div>\n\t\t\t\t<\/div>\n\t            \n\t      \t<\/div>\n\t      \t\t\t\t<div class=\"col-lg-3 col-md-4 col-sm-6 col-xs-12 element-item master-plan mixed-use residential urban-transformation\">\n\t            \n\t\t\t\t<div class=\"portfolio-home2-item\">\n\t\t\t\t\t<img src=\"https:\/\/www.sinanmertsener.com\/wp-content\/uploads\/2018\/03\/1011-e1521101140652.jpg\" class=\"img-responsive\" alt=\"\">\n\t\t\t\t\t<div class=\"overlay\">\n\t\t\t\t\t\t\t\t\t\t\t\t<a href=\"https:\/\/www.sinanmertsener.com\/tr\/portfolio\/19\/\" class=\"btn-detail-project\"><span class=\"lnr lnr-cross lnr-plus\"><\/span><\/a>\n\t\t\t\t\t\t\t\t\t\t\t\t<h4><a href=\"https:\/\/www.sinanmertsener.com\/tr\/portfolio\/19\/\">SU\u00c7ATA\u011eI KENTSEL D\u00d6N\u00dc\u015e\u00dcM<\/a><\/h4>\n\t\t\t\t\t\t<span class=\"cate-project\">Master Planlama<span>, <\/span>Karma Kullan\u0131m<span>, <\/span>Konut<span>, <\/span>Kentsel D\u00f6n\u00fc\u015f\u00fcm<span>, <\/span><\/span>\t\t\t\t\t<\/div>\n\t\t\t\t<\/div>\n\t            \n\t      \t<\/div>\n\t      \t\t\t\t<div class=\"col-lg-3 col-md-4 col-sm-6 col-xs-12 element-item education mixed-use\">\n\t            \n\t\t\t\t<div class=\"portfolio-home2-item\">\n\t\t\t\t\t<img src=\"https:\/\/www.sinanmertsener.com\/wp-content\/uploads\/2018\/03\/102-e1521088882760.jpg\" class=\"img-responsive\" alt=\"\">\n\t\t\t\t\t<div class=\"overlay\">\n\t\t\t\t\t\t\t\t\t\t\t\t<a href=\"https:\/\/www.sinanmertsener.com\/tr\/portfolio\/18\/\" class=\"btn-detail-project\"><span class=\"lnr lnr-cross lnr-plus\"><\/span><\/a>\n\t\t\t\t\t\t\t\t\t\t\t\t<h4><a href=\"https:\/\/www.sinanmertsener.com\/tr\/portfolio\/18\/\">\u0130T\u00dc H\u0130DROD\u0130NAM\u0130K LABORATUVARI<\/a><\/h4>\n\t\t\t\t\t\t<span class=\"cate-project\">E\u011fitim<span>, <\/span>Karma Kullan\u0131m<span>, <\/span><\/span>\t\t\t\t\t<\/div>\n\t\t\t\t<\/div>\n\t            \n\t      \t<\/div>\n\t      \t\t\t\t<div class=\"col-lg-3 col-md-4 col-sm-6 col-xs-12 element-item mixed-use\">\n\t            \n\t\t\t\t<div class=\"portfolio-home2-item\">\n\t\t\t\t\t<img src=\"https:\/\/www.sinanmertsener.com\/wp-content\/uploads\/2018\/03\/6-e1521086050565.jpg\" class=\"img-responsive\" alt=\"\">\n\t\t\t\t\t<div class=\"overlay\">\n\t\t\t\t\t\t\t\t\t\t\t\t<a href=\"https:\/\/www.sinanmertsener.com\/tr\/portfolio\/17\/\" class=\"btn-detail-project\"><span class=\"lnr lnr-cross lnr-plus\"><\/span><\/a>\n\t\t\t\t\t\t\t\t\t\t\t\t<h4><a href=\"https:\/\/www.sinanmertsener.com\/tr\/portfolio\/17\/\">\u0130T\u00dc Y\u00dcKSEK G\u00dcVENL\u0130KL\u0130 AR-GE BLO\u011eU<\/a><\/h4>\n\t\t\t\t\t\t<span class=\"cate-project\">Karma Kullan\u0131m<span>, <\/span><\/span>\t\t\t\t\t<\/div>\n\t\t\t\t<\/div>\n\t            \n\t      \t<\/div>\n\t      \t\t\t\t<div class=\"col-lg-3 col-md-4 col-sm-6 col-xs-12 element-item master-plan mixed-use residential urban-transformation\">\n\t            \n\t\t\t\t<div class=\"portfolio-home2-item\">\n\t\t\t\t\t<img src=\"https:\/\/www.sinanmertsener.com\/wp-content\/uploads\/2017\/09\/VATAN_MAH_G\u00d6RSEL-19-1-e1521099212273.jpg\" class=\"img-responsive\" alt=\"\">\n\t\t\t\t\t<div class=\"overlay\">\n\t\t\t\t\t\t\t\t\t\t\t\t<a href=\"https:\/\/www.sinanmertsener.com\/tr\/portfolio\/16\/\" class=\"btn-detail-project\"><span class=\"lnr lnr-cross lnr-plus\"><\/span><\/a>\n\t\t\t\t\t\t\t\t\t\t\t\t<h4><a href=\"https:\/\/www.sinanmertsener.com\/tr\/portfolio\/16\/\">VATAN MAHALLES\u0130 KENTSEL D\u00d6N\u00dc\u015e\u00dcM<\/a><\/h4>\n\t\t\t\t\t\t<span class=\"cate-project\">Master Planlama<span>, <\/span>Karma Kullan\u0131m<span>, <\/span>Konut<span>, <\/span>Kentsel D\u00f6n\u00fc\u015f\u00fcm<span>, <\/span><\/span>\t\t\t\t\t<\/div>\n\t\t\t\t<\/div>\n\t            \n\t      \t<\/div>\n\t      \t\t\t\t<div class=\"col-lg-3 col-md-4 col-sm-6 col-xs-12 element-item industrial\">\n\t            \n\t\t\t\t<div class=\"portfolio-home2-item\">\n\t\t\t\t\t<img src=\"https:\/\/www.sinanmertsener.com\/wp-content\/uploads\/2017\/03\/highlightimage-10.jpg\" class=\"img-responsive\" alt=\"\">\n\t\t\t\t\t<div class=\"overlay\">\n\t\t\t\t\t\t\t\t\t\t\t\t<a href=\"https:\/\/www.sinanmertsener.com\/tr\/portfolio\/15\/\" class=\"btn-detail-project\"><span class=\"lnr lnr-cross lnr-plus\"><\/span><\/a>\n\t\t\t\t\t\t\t\t\t\t\t\t<h4><a href=\"https:\/\/www.sinanmertsener.com\/tr\/portfolio\/15\/\">MOB\u0130LYACILAR SANAY\u0130 S\u0130TES\u0130<\/a><\/h4>\n\t\t\t\t\t\t<span class=\"cate-project\">Sanayi<span>, <\/span><\/span>\t\t\t\t\t<\/div>\n\t\t\t\t<\/div>\n\t            \n\t      \t<\/div>\n\t      \t\t    <\/div>\n\t<\/div>\n\n<\/div><\/div><\/div><\/div><div class=\"clearfix\"><\/div><\/section>","protected":false},"excerpt":{"rendered":"__________________________________________________________________________________________________________________________________________________________________________________________________________________________________________________________________________________________ |ANTAKYA MUNICIPALITY| |INDUSTRIAL AREA OF FURNITURE| |ANTAKYA | | UNDER CONSTRUCTION\u00a0| __________________________________________________________________________________________________________________________________________________________________________________________________________________________________________________________________________________________ __________________________________________________________________________________________________________________________________________________________________________________________________________________________________________________________________________________________ __________________________________________________________________________________________________________________________________________________________________________________________________________________________________________________________________________________________ __________________________________________________________________________________________________________________________________________________________________________________________________________________________________________________________________________________________ __________________________________________________________________________________________________________________________________________________________________________________________________________________________________________________________________________________________ __________________________________________________________________________________________________________________________________________________________________________________________________________________________________________________________________________________________ __________________________________________________________________________________________________________________________________________________________________________________________________________________________________________________________________________________________ __________________________________________________________________________________________________________________________________________________________________________________________________________________________________________________________________________________________ &nbsp; &nbsp; _ &nbsp; &nbsp; &nbsp;","protected":false},"author":2,"featured_media":0,"parent":0,"menu_order":0,"comment_status":"closed","ping_status":"closed","template":"page-templates\/template-fullwidth.php","meta":[],"_links":{"self":[{"href":"https:\/\/www.sinanmertsener.com\/tr\/wp-json\/wp\/v2\/pages\/1235"}],"collection":[{"href":"https:\/\/www.sinanmertsener.com\/tr\/wp-json\/wp\/v2\/pages"}],"about":[{"href":"https:\/\/www.sinanmertsener.com\/tr\/wp-json\/wp\/v2\/types\/page"}],"author":[{"embeddable":true,"href":"https:\/\/www.sinanmertsener.com\/tr\/wp-json\/wp\/v2\/users\/2"}],"replies":[{"embeddable":true,"href":"https:\/\/www.sinanmertsener.com\/tr\/wp-json\/wp\/v2\/comments?post=1235"}],"version-history":[{"count":0,"href":"https:\/\/www.sinanmertsener.com\/tr\/wp-json\/wp\/v2\/pages\/1235\/revisions"}],"wp:attachment":[{"href":"https:\/\/www.sinanmertsener.com\/tr\/wp-json\/wp\/v2\/media?parent=1235"}],"curies":[{"name":"wp","href":"https:\/\/api.w.org\/{rel}","templated":true}]}}