{"id":1375,"date":"2016-11-17T08:18:48","date_gmt":"2016-11-17T08:18:48","guid":{"rendered":"http:\/\/localhost\/donald\/?page_id=1375"},"modified":"2021-01-25T05:36:08","modified_gmt":"2021-01-25T02:36:08","slug":"our-services","status":"publish","type":"page","link":"https:\/\/www.sinanmertsener.com\/tr\/our-services\/","title":{"rendered":"H\u0130ZMETLER"},"content":{"rendered":"<section class=\"vc_row wpb_row vc_row-fluid\"><div class=\"container\"><div class=\"row\"><div class=\"wpb_column vc_column_container vc_col-sm-1\"><div class=\"vc_column-inner\"><div class=\"wpb_wrapper\"><\/div><\/div><\/div><div class=\"wpb_column vc_column_container vc_col-sm-5 vc_col-has-fill\"><div class=\"vc_column-inner vc_custom_1597332251347\"><div class=\"wpb_wrapper\"><div class=\"vc_icon_element vc_icon_element-outer vc_icon_element-align-center\"><div class=\"vc_icon_element-inner vc_icon_element-color-custom vc_icon_element-size-lg vc_icon_element-style- vc_icon_element-background-color-grey\" ><span class=\"vc_icon_element-icon fas fa-pencil-ruler\" style=\"color:#102447 !important\"><\/span><\/div><\/div><h2 style=\"color: #102447;text-align: center;font-family:Open Sans;font-weight:300;font-style:normal\" class=\"vc_custom_heading\" >TASARIM ve \u0130N\u015eAAT<\/h2>\n\t<div class=\"wpb_text_column wpb_content_element  vc_custom_1597334131303\" >\n\t\t<div class=\"wpb_wrapper\">\n\t\t\t<h3 class=\"vc_custom_heading vc_custom_1479290382371\"><em><strong><span style=\"color: #102447;\">\u00dcRET\u0130YORUZ<\/span><\/strong><\/em><\/h3>\n<div class=\"wpb_text_column wpb_content_element vc_custom_1479370666349\">\n<div class=\"wpb_wrapper\">\n<h5>\u015eEH\u0130R VE B\u00d6LGE PLANLAMA \/ M\u0130MARLIK \/ \u0130\u00c7 M\u0130MARLIK \/ PEYZAJ M\u0130MARLI\u011eI \/ END\u00dcSTR\u0130YEL TASARIM<\/h5>\n<blockquote>\n<p><span style=\"color: #102447;\"><em>#\u00a0<\/em><em>kentsel tasar\u0131m teorisi ve politikalar\u0131, kentsel \u00f6r\u00fcnt\u00fc ve tarih, kentsel mimari, kentsel bi\u00e7im ve estetik, ekoloji, teknik altyap\u0131, ula\u015f\u0131m, kentsel peyzaj, kent sosyolojisi ve ekonomisi, kentsel tasar\u0131m y\u00f6ntem ve teknikleri,<\/em><em>\u00a0\u00e7a\u011fda\u015f, yenilik\u00e7i, \u00f6nc\u00fc,\u00a0<\/em><em>yarat\u0131c\u0131, \u00e7evre dostu, teknoloji, g\u00fczel sanatlar, insan-sosyal bilimler, felsefe. tarihsel bilin\u00e7, etik ve estetik de\u011ferler<\/em><\/span><\/p>\n<\/blockquote>\n<p>&nbsp;\n<\/p><\/div>\n<\/div>\n\n\t\t<\/div>\n\t<\/div>\n<div class=\"vc_separator wpb_content_element vc_separator_align_left vc_sep_width_100 vc_sep_pos_align_right vc_sep_color_grey vc_custom_1488981385097 vc_separator-has-text\" ><span class=\"vc_sep_holder vc_sep_holder_l\"><span  class=\"vc_sep_line\"><\/span><\/span><h4>M\u00dc\u015eTER\u0130LER\u0130M\u0130Z<\/h4><span class=\"vc_sep_holder vc_sep_holder_r\"><span  class=\"vc_sep_line\"><\/span><\/span>\n<\/div>\n        <div id=\"partner-69eb7da07e312\" class=\"owl-partner\">\n        \t\t\t\t<div class=\"partner-item\">\n\t\t\t\t            \t\t<img src=\"\" alt=\"\">\n            \t\t\t\t<\/div>\n\t\t\t\t\t\t<div class=\"partner-item\">\n\t\t\t\t            \t\t<img src=\"https:\/\/www.sinanmertsener.com\/wp-content\/uploads\/2017\/03\/Marmara_\u00dcniversitesi_logo2.png\" alt=\"\">\n            \t\t\t\t<\/div>\n\t\t\t\t\t\t<div class=\"partner-item\">\n\t\t\t\t            \t\t<img src=\"https:\/\/www.sinanmertsener.com\/wp-content\/uploads\/2017\/03\/logo-desktop2.png\" alt=\"\">\n            \t\t\t\t<\/div>\n\t\t\t\t\t\t<div class=\"partner-item\">\n\t\t\t\t            \t\t<img src=\"https:\/\/www.sinanmertsener.com\/wp-content\/uploads\/2017\/03\/silelogopng2.png\" alt=\"\">\n            \t\t\t\t<\/div>\n\t\t\t\t\t\t<div class=\"partner-item\">\n\t\t\t\t            \t\t<img src=\"https:\/\/www.sinanmertsener.com\/wp-content\/uploads\/2017\/03\/sultangazi-belediyesi-logo2.jpg\" alt=\"\">\n            \t\t\t\t<\/div>\n\t\t\t\t\t\t<div class=\"partner-item\">\n\t\t\t\t            \t\t<img src=\"https:\/\/www.sinanmertsener.com\/wp-content\/uploads\/2017\/03\/bayrampasa-belediyesi-logo2.jpg\" alt=\"\">\n            \t\t\t\t<\/div>\n\t\t\t\t\t<\/div>\n\n\t\t<script>\n\t\t\t(function($) { \"use strict\";\t\n\n\t\t\t\t$( \"#partner-69eb7da07e312\" ).owlCarousel({\n\n    \t\t\t\tautoplay: true,\n\t            \tautoplayTimeout: 6000,\n\t\t            items : 8,\n\t\t            responsiveClass:true,\n\t\t            responsive : {\n\t\t            \/\/ breakpoint from 0 up\n\t\t            0 : {\n\t\t               items:1,\n\t\t            },\n\t\t            \/\/ breakpoint from 480 up\n\t\t            480 : {\n\t\t               items:1,\n\t\t            },\n\t\t            \/\/ breakpoint from 768 up\n\t\t            768 : {\n\t\t                items:3,\n\t\t            },\n\t\t            992 : {\n\t\t                items:3,\n\t\t            },\n\t\t            1440 : {\n\t\t                items:8 - 1,\n\t\t            },\n\t\t            1920 : {\n\t\t                items:8,\n\t\t            }\n\t\t        },\n\t\t            dots:false,\n\t\t            nav:false,\n\t\t            animateOut: 'fadeOut',\n\t\t            animateIn: 'fadeIn',\n\t\t        }); \n\n\t\t\t})(jQuery); \n\t\t<\/script>\n\n<div class=\"vc_btn3-container vc_btn3-center vc_custom_1611542140357\" ><a style=\"background-color:#102447; color:#ffffff;\" class=\"vc_general vc_btn3 vc_btn3-size-md vc_btn3-shape-square vc_btn3-style-custom vc_btn3-block\" href=\"http:\/\/hivetas.com\/portfolio\/\" title=\"\">PORTFOLYOYU G\u00d6R\u00dcNT\u00dcLE<\/a><\/div><div class=\"vc_separator wpb_content_element vc_separator_align_center vc_sep_width_100 vc_sep_pos_align_center vc_separator_no_text vc_sep_color_grey\" ><span class=\"vc_sep_holder vc_sep_holder_l\"><span  class=\"vc_sep_line\"><\/span><\/span><span class=\"vc_sep_holder vc_sep_holder_r\"><span  class=\"vc_sep_line\"><\/span><\/span>\n<\/div><\/div><\/div><\/div><div class=\"wpb_column vc_column_container vc_col-sm-5 vc_col-has-fill\"><div class=\"vc_column-inner vc_custom_1597332257159\"><div class=\"wpb_wrapper\"><div class=\"vc_icon_element vc_icon_element-outer vc_icon_element-align-center\"><div class=\"vc_icon_element-inner vc_icon_element-color-custom vc_icon_element-size-lg vc_icon_element-style- vc_icon_element-background-color-grey\" ><span class=\"vc_icon_element-icon fas fa-search\" style=\"color:#102447 !important\"><\/span><\/div><\/div><h2 style=\"color: #102447;text-align: center;font-family:Open Sans;font-weight:300;font-style:normal\" class=\"vc_custom_heading\" >ARA\u015eTIRMA ve GEL\u0130\u015eT\u0130RME<\/h2>\n\t<div class=\"wpb_text_column wpb_content_element  vc_custom_1597334136237\" >\n\t\t<div class=\"wpb_wrapper\">\n\t\t\t<h3 class=\"vc_custom_heading vc_custom_1479290382371\"><em><strong><span style=\"color: #102447;\">ARA\u015eTIRIYORUZ<\/span><\/strong><\/em><\/h3>\n<div class=\"wpb_text_column wpb_content_element vc_custom_1479370666349\">\n<div class=\"wpb_wrapper\">\n<h5><strong>B\u0130L\u0130MSEL ARA\u015eTIRMA VE DANI\u015eMANLIK <\/strong><strong>\/ PROJE GEL\u0130\u015eT\u0130RME\u00a0<\/strong><strong>\/ PROJE VE S\u00dcRE\u00c7 Y\u00d6NET\u0130M\u0130<\/strong><\/h5>\n<h5><\/h5>\n<blockquote>\n<p><span style=\"color: #102447;\"><em>220\/5000\n# \u00e7a\u011fda\u015f, yenilik\u00e7i, \u00f6nc\u00fc, yarat\u0131c\u0131, teknoloji, g\u00fczel sanatlar, insan-sosyal bilimler, felsefe, end\u00fcstriyel tasar\u0131m, programlama, CAD, BIM, sanal ger\u00e7eklik, mobilya tasar\u0131m\u0131, ara\u015ft\u0131rma, rapor, akademik yaz\u0131m<\/em><\/span><\/p>\n<\/blockquote>\n<div class=\"wpb_text_column wpb_content_element vc_custom_1479370666349\"><\/div>\n<\/div>\n<\/div>\n\n\t\t<\/div>\n\t<\/div>\n<div class=\"vc_separator wpb_content_element vc_separator_align_left vc_sep_width_100 vc_sep_pos_align_right vc_sep_color_grey vc_custom_1488981385097 vc_separator-has-text\" ><span class=\"vc_sep_holder vc_sep_holder_l\"><span  class=\"vc_sep_line\"><\/span><\/span><h4>M\u00dc\u015eTER\u0130LER\u0130M\u0130Z<\/h4><span class=\"vc_sep_holder vc_sep_holder_r\"><span  class=\"vc_sep_line\"><\/span><\/span>\n<\/div>\n        <div id=\"partner-69eb7da0aaebe\" class=\"owl-partner\">\n        \t\t\t\t<div class=\"partner-item\">\n\t\t\t\t            \t\t<img src=\"\" alt=\"\">\n            \t\t\t\t<\/div>\n\t\t\t\t\t\t<div class=\"partner-item\">\n\t\t\t\t            \t\t<img src=\"https:\/\/www.sinanmertsener.com\/wp-content\/uploads\/2017\/03\/logo-desktop2.png\" alt=\"\">\n            \t\t\t\t<\/div>\n\t\t\t\t\t\t<div class=\"partner-item\">\n\t\t\t\t            \t\t<img src=\"https:\/\/www.sinanmertsener.com\/wp-content\/uploads\/2017\/03\/CEDB\u0130K2.jpg\" alt=\"\">\n            \t\t\t\t<\/div>\n\t\t\t\t\t\t<div class=\"partner-item\">\n\t\t\t\t            \t\t<img src=\"https:\/\/www.sinanmertsener.com\/wp-content\/uploads\/2017\/03\/104-teknopark-istanbul-logo2.png\" alt=\"\">\n            \t\t\t\t<\/div>\n\t\t\t\t\t<\/div>\n\n\t\t<script>\n\t\t\t(function($) { \"use strict\";\t\n\n\t\t\t\t$( \"#partner-69eb7da0aaebe\" ).owlCarousel({\n\n    \t\t\t\tautoplay: true,\n\t            \tautoplayTimeout: 6000,\n\t\t            items : 6,\n\t\t            responsiveClass:true,\n\t\t            responsive : {\n\t\t            \/\/ breakpoint from 0 up\n\t\t            0 : {\n\t\t               items:1,\n\t\t            },\n\t\t            \/\/ breakpoint from 480 up\n\t\t            480 : {\n\t\t               items:1,\n\t\t            },\n\t\t            \/\/ breakpoint from 768 up\n\t\t            768 : {\n\t\t                items:3,\n\t\t            },\n\t\t            992 : {\n\t\t                items:3,\n\t\t            },\n\t\t            1440 : {\n\t\t                items:6 - 1,\n\t\t            },\n\t\t            1920 : {\n\t\t                items:6,\n\t\t            }\n\t\t        },\n\t\t            dots:false,\n\t\t            nav:false,\n\t\t            animateOut: 'fadeOut',\n\t\t            animateIn: 'fadeIn',\n\t\t        }); \n\n\t\t\t})(jQuery); \n\t\t<\/script>\n\n<div class=\"vc_btn3-container vc_btn3-center vc_custom_1488981998813\" ><button style=\"background-color:#102447; color:#ffffff;\" class=\"vc_general vc_btn3 vc_btn3-size-md vc_btn3-shape-square vc_btn3-style-custom vc_btn3-block\">BRO\u015e\u00dcR\u00dc \u0130ND\u0130R<\/button><\/div><div class=\"vc_separator wpb_content_element vc_separator_align_center vc_sep_width_100 vc_sep_pos_align_center vc_separator_no_text vc_sep_color_grey\" ><span class=\"vc_sep_holder vc_sep_holder_l\"><span  class=\"vc_sep_line\"><\/span><\/span><span class=\"vc_sep_holder vc_sep_holder_r\"><span  class=\"vc_sep_line\"><\/span><\/span>\n<\/div><\/div><\/div><\/div><div class=\"wpb_column vc_column_container vc_col-sm-1\"><div class=\"vc_column-inner\"><div class=\"wpb_wrapper\"><\/div><\/div><\/div><\/div><\/div><div class=\"clearfix\"><\/div><\/section><section class=\"vc_row wpb_row vc_row-fluid\"><div class=\"container\"><div class=\"row\"><div class=\"wpb_column vc_column_container vc_col-sm-1\"><div class=\"vc_column-inner\"><div class=\"wpb_wrapper\"><\/div><\/div><\/div><div class=\"wpb_column vc_column_container vc_col-sm-5 vc_col-has-fill\"><div class=\"vc_column-inner vc_custom_1597332251347\"><div class=\"wpb_wrapper\"><div class=\"vc_icon_element vc_icon_element-outer vc_icon_element-align-center\"><div class=\"vc_icon_element-inner vc_icon_element-color-custom vc_icon_element-size-lg vc_icon_element-style- vc_icon_element-background-color-grey\" ><span class=\"vc_icon_element-icon fas fa-globe-africa\" style=\"color:#102447 !important\"><\/span><\/div><\/div><h2 style=\"color: #102447;text-align: center;font-family:Open Sans;font-weight:300;font-style:normal\" class=\"vc_custom_heading\" >M\u00dcHEND\u0130SL\u0130K<\/h2><div class=\"vc_row wpb_row vc_inner vc_row-fluid\"><div class=\"wpb_column vc_column_container vc_col-sm-12\"><div class=\"vc_column-inner\"><div class=\"wpb_wrapper\">\n\t<div class=\"wpb_text_column wpb_content_element  vc_custom_1597334147077\" >\n\t\t<div class=\"wpb_wrapper\">\n\t\t\t<h3 class=\"vc_custom_heading vc_custom_1479290382371\"><em><strong><span style=\"color: #102447;\">\u00c7\u00d6Z\u00dcML\u00dcYORUZ<\/span><\/strong><\/em><\/h3>\n<div class=\"wpb_text_column wpb_content_element vc_custom_1479370666349\">\n<div class=\"wpb_wrapper\">\n<h5>\u0130N\u015eAAT M\u00dcHEND\u0130SL\u0130\u011e\u0130 \/ MAK\u0130NA M\u00dcHEND\u0130SL\u0130\u011e\u0130 \/ ELEKTR\u0130K M\u00dcHEND\u0130SL\u0130\u011e\u0130 \/ DEPREM M\u00dcHEND\u0130SL\u0130\u011e\u0130 \/ YANGIN M\u00dcHEND\u0130SL\u0130\u011e\u0130<\/h5>\n<blockquote>\n<p><span style=\"color: #102447;\"><em># tasar\u0131m, hesaplama, g\u00fc\u00e7lendirme, ayd\u0131nlatma sistemi, g\u00fcvenlik sistemleri, otomasyon sistemleri, yang\u0131ndan korunma sistemleri, yang\u0131n dan\u0131\u015fman\u0131, alarm sistemleri, havaland\u0131rma sistemleri, s\u0131hhi tesisat sistemleri, t\u00fcm m\u00fchendislik sistemi tasar\u0131m\u0131, teknoloji, ye\u015fil teknoloji, ye\u015fil bina, \u00e7elik yap\u0131, betonarme yap\u0131<\/em><\/span><\/p>\n<p>&nbsp;<\/p>\n<\/blockquote>\n<p>&nbsp;\n<\/p><\/div>\n<\/div>\n\n\t\t<\/div>\n\t<\/div>\n<div class=\"vc_separator wpb_content_element vc_separator_align_left vc_sep_width_100 vc_sep_pos_align_right vc_sep_color_grey vc_custom_1493799313537 vc_separator-has-text\" ><span class=\"vc_sep_holder vc_sep_holder_l\"><span  class=\"vc_sep_line\"><\/span><\/span><h4>\u0130\u015eB\u0130RL\u0130KLER\u0130M\u0130Z<\/h4><span class=\"vc_sep_holder vc_sep_holder_r\"><span  class=\"vc_sep_line\"><\/span><\/span>\n<\/div>\n        <div id=\"partner-69eb7da0d86e7\" class=\"owl-partner\">\n        \t\t\t\t<div class=\"partner-item\">\n\t\t\t\t            \t\t<img src=\"\" alt=\"\">\n            \t\t\t\t<\/div>\n\t\t\t\t\t\t<div class=\"partner-item\">\n\t\t\t\t            \t\t<img src=\"https:\/\/www.sinanmertsener.com\/wp-content\/uploads\/2016\/11\/logo.png\" alt=\"\">\n            \t\t\t\t<\/div>\n\t\t\t\t\t\t<div class=\"partner-item\">\n\t\t\t\t            \t\t<img src=\"https:\/\/www.sinanmertsener.com\/wp-content\/uploads\/2016\/11\/hdQRQe1g-e1493798606380.jpeg\" alt=\"\">\n            \t\t\t\t<\/div>\n\t\t\t\t\t\t<div class=\"partner-item\">\n\t\t\t\t            \t\t<img src=\"https:\/\/www.sinanmertsener.com\/wp-content\/uploads\/2016\/11\/elmaksan_logo.jpg\" alt=\"\">\n            \t\t\t\t<\/div>\n\t\t\t\t\t\t<div class=\"partner-item\">\n\t\t\t\t            \t\t<img src=\"https:\/\/www.sinanmertsener.com\/wp-content\/uploads\/2016\/11\/ta.png\" alt=\"\">\n            \t\t\t\t<\/div>\n\t\t\t\t\t\t<div class=\"partner-item\">\n\t\t\t\t            \t\t<img src=\"https:\/\/www.sinanmertsener.com\/wp-content\/uploads\/2016\/11\/hera.jpg\" alt=\"\">\n            \t\t\t\t<\/div>\n\t\t\t\t\t<\/div>\n\n\t\t<script>\n\t\t\t(function($) { \"use strict\";\t\n\n\t\t\t\t$( \"#partner-69eb7da0d86e7\" ).owlCarousel({\n\n    \t\t\t\tautoplay: true,\n\t            \tautoplayTimeout: 6000,\n\t\t            items : 6,\n\t\t            responsiveClass:true,\n\t\t            responsive : {\n\t\t            \/\/ breakpoint from 0 up\n\t\t            0 : {\n\t\t               items:1,\n\t\t            },\n\t\t            \/\/ breakpoint from 480 up\n\t\t            480 : {\n\t\t               items:1,\n\t\t            },\n\t\t            \/\/ breakpoint from 768 up\n\t\t            768 : {\n\t\t                items:3,\n\t\t            },\n\t\t            992 : {\n\t\t                items:3,\n\t\t            },\n\t\t            1440 : {\n\t\t                items:6 - 1,\n\t\t            },\n\t\t            1920 : {\n\t\t                items:6,\n\t\t            }\n\t\t        },\n\t\t            dots:false,\n\t\t            nav:false,\n\t\t            animateOut: 'fadeOut',\n\t\t            animateIn: 'fadeIn',\n\t\t        }); \n\n\t\t\t})(jQuery); \n\t\t<\/script>\n\n<div class=\"vc_btn3-container vc_btn3-center vc_custom_1611542154957\" ><a style=\"background-color:#102447; color:#ffffff;\" class=\"vc_general vc_btn3 vc_btn3-size-md vc_btn3-shape-square vc_btn3-style-custom vc_btn3-block\" href=\"http:\/\/hivetas.com\/portfolio\/\" title=\"\">PORTFOLYOYU G\u00d6R\u00dcNT\u00dcLE<\/a><\/div><\/div><\/div><\/div><\/div><\/div><\/div><\/div><div class=\"wpb_column vc_column_container vc_col-sm-5 vc_col-has-fill\"><div class=\"vc_column-inner vc_custom_1597332257159\"><div class=\"wpb_wrapper\"><div class=\"vc_icon_element vc_icon_element-outer vc_icon_element-align-center\"><div class=\"vc_icon_element-inner vc_icon_element-color-custom vc_icon_element-size-lg vc_icon_element-style- vc_icon_element-background-color-grey\" ><span class=\"vc_icon_element-icon far fa-lightbulb\" style=\"color:#102447 !important\"><\/span><\/div><\/div><h2 style=\"color: #102447;text-align: center;font-family:Open Sans;font-weight:300;font-style:normal\" class=\"vc_custom_heading\" >DANI\u015eMANLIK ve E\u011e\u0130T\u0130M<\/h2>\n\t<div class=\"wpb_text_column wpb_content_element  vc_custom_1597334141422\" >\n\t\t<div class=\"wpb_wrapper\">\n\t\t\t<h3 class=\"vc_custom_heading vc_custom_1479290382371\"><em><strong><span style=\"color: #102447;\">E\u011e\u0130T\u0130YORUZ<\/span><\/strong><\/em><\/h3>\n<div class=\"wpb_text_column wpb_content_element vc_custom_1479370666349\">\n<div class=\"wpb_wrapper\">\n<h5><strong>M\u0130MAR\u0130 TASARIM <\/strong><strong>\/ AFET Y\u00d6NET\u0130M\u0130\u00a0<\/strong><strong>\/ YE\u015e\u0130L B\u0130NALAR\u00a0<\/strong><strong>\/ M\u0130MAR\u0130 YAZILIMLAR<\/strong><\/h5>\n<blockquote>\n<p><span style=\"color: #102447;\"><em># e\u011fitim, yaz\u0131l\u0131m, mimari tasar\u0131m teorisi, mimari tasar\u0131m teknikleri, afet y\u00f6netimi, ekoloji, ye\u015fil tasar\u0131m\u00a0<\/em><\/span><\/p>\n<\/blockquote>\n<p>&nbsp;\n<\/p><\/div>\n<\/div>\n\n\t\t<\/div>\n\t<\/div>\n<div class=\"vc_separator wpb_content_element vc_separator_align_left vc_sep_width_100 vc_sep_pos_align_right vc_sep_color_grey vc_custom_1488981385097 vc_separator-has-text\" ><span class=\"vc_sep_holder vc_sep_holder_l\"><span  class=\"vc_sep_line\"><\/span><\/span><h4>M\u00dc\u015eTER\u0130LER\u0130M\u0130Z<\/h4><span class=\"vc_sep_holder vc_sep_holder_r\"><span  class=\"vc_sep_line\"><\/span><\/span>\n<\/div>\n        <div id=\"partner-69eb7da0e6a76\" class=\"owl-partner\">\n        \t\t\t\t<div class=\"partner-item\">\n\t\t\t\t            \t\t<img src=\"https:\/\/www.sinanmertsener.com\/wp-content\/uploads\/2016\/11\/T\u00dc-LOGO-e1577174796772.png\" alt=\"\">\n            \t\t\t\t<\/div>\n\t\t\t\t\t\t<div class=\"partner-item\">\n\t\t\t\t            \t\t<img src=\"https:\/\/www.sinanmertsener.com\/wp-content\/uploads\/2017\/03\/FEMA-1.jpg\" alt=\"\">\n            \t\t\t\t<\/div>\n\t\t\t\t\t<\/div>\n\n\t\t<script>\n\t\t\t(function($) { \"use strict\";\t\n\n\t\t\t\t$( \"#partner-69eb7da0e6a76\" ).owlCarousel({\n\n    \t\t\t\tautoplay: true,\n\t            \tautoplayTimeout: 6000,\n\t\t            items : 4,\n\t\t            responsiveClass:true,\n\t\t            responsive : {\n\t\t            \/\/ breakpoint from 0 up\n\t\t            0 : {\n\t\t               items:1,\n\t\t            },\n\t\t            \/\/ breakpoint from 480 up\n\t\t            480 : {\n\t\t               items:1,\n\t\t            },\n\t\t            \/\/ breakpoint from 768 up\n\t\t            768 : {\n\t\t                items:3,\n\t\t            },\n\t\t            992 : {\n\t\t                items:3,\n\t\t            },\n\t\t            1440 : {\n\t\t                items:4 - 1,\n\t\t            },\n\t\t            1920 : {\n\t\t                items:4,\n\t\t            }\n\t\t        },\n\t\t            dots:false,\n\t\t            nav:false,\n\t\t            animateOut: 'fadeOut',\n\t\t            animateIn: 'fadeIn',\n\t\t        }); \n\n\t\t\t})(jQuery); \n\t\t<\/script>\n\n<div class=\"vc_btn3-container vc_btn3-center vc_custom_1488984050523\" ><button style=\"background-color:#102447; color:#ffffff;\" class=\"vc_general vc_btn3 vc_btn3-size-md vc_btn3-shape-square vc_btn3-style-custom vc_btn3-block\">BRO\u015e\u00dcR\u00dc \u0130ND\u0130R<\/button><\/div><\/div><\/div><\/div><div class=\"wpb_column vc_column_container vc_col-sm-1\"><div class=\"vc_column-inner\"><div class=\"wpb_wrapper\"><\/div><\/div><\/div><\/div><\/div><div class=\"clearfix\"><\/div><\/section><section class=\"vc_row wpb_row vc_row-fluid\"><div class=\"container\"><div class=\"row\"><div class=\"wpb_column vc_column_container vc_col-sm-1\"><div class=\"vc_column-inner\"><div class=\"wpb_wrapper\"><\/div><\/div><\/div><div class=\"wpb_column vc_column_container vc_col-sm-10\"><div class=\"vc_column-inner\"><div class=\"wpb_wrapper\">\n\t<div class=\"wpb_text_column wpb_content_element  vc_custom_1597333605551\" >\n\t\t<div class=\"wpb_wrapper\">\n\t\t\t<h1 style=\"text-align: center;\"><span style=\"color: #102447;\">\u0130LET\u0130\u015e\u0130M <\/span><span style=\"color: #102447;\">H<span style=\"color: #949599;\"><em>I<\/em><span style=\"color: #102447;\">VE<\/span><\/span><\/span><\/h1>\n\n\t\t<\/div>\n\t<\/div>\n\n\t<div class=\"wpb_text_column wpb_content_element\" >\n\t\t<div class=\"wpb_wrapper\">\n\t\t\t<div data-test='contact-form' id='contact-form-1375' class='wp-block-jetpack-contact-form-container'>\n<form action='https:\/\/www.sinanmertsener.com\/tr\/our-services\/#contact-form-1375' method='post' class='contact-form commentsblock' data-trp-original-action=\"https:\/\/www.sinanmertsener.com\/tr\/our-services\/#contact-form-1375\">\n<script>\n\t\t\t( function () {\n\t\t\t\tconst contact_forms = document.getElementsByClassName('contact-form');\n\n\t\t\t\tfor ( const form of contact_forms ) {\n\t\t\t\t\tform.onsubmit = function() {\n\t\t\t\t\t\tconst buttons = form.getElementsByTagName('button');\n\n\t\t\t\t\t\tfor( const button of buttons ) {\n\t\t\t\t\t\t\tbutton.setAttribute('disabled', true);\n\t\t\t\t\t\t}\n\t\t\t\t\t}\n\t\t\t\t}\n\t\t\t} )();\n\t\t<\/script>\n<div style=\"\" class='grunion-field-name-wrap grunion-field-wrap'  >\n<label\n\t\t\t\tfor='g1375-name'\n\t\t\t\tclass='grunion-field-label name'\n\t\t\t\t>\u0130sim<span>(gerekli)<\/span><\/label>\n<input\n\t\t\t\t\ttype='text'\n\t\t\t\t\tname='g1375-name'\n\t\t\t\t\tid='g1375-name'\n\t\t\t\t\tvalue=''\n\t\t\t\t\tclass='name  grunion-field' \n\t\t\t\t\trequired aria-required='true' \/>\n\t<\/div>\n\n<div style=\"\" class='grunion-field-email-wrap grunion-field-wrap'  >\n<label\n\t\t\t\tfor='g1375-email'\n\t\t\t\tclass='grunion-field-label email'\n\t\t\t\t>E-posta<span>(gerekli)<\/span><\/label>\n<input\n\t\t\t\t\ttype='email'\n\t\t\t\t\tname='g1375-email'\n\t\t\t\t\tid='g1375-email'\n\t\t\t\t\tvalue=''\n\t\t\t\t\tclass='email  grunion-field' \n\t\t\t\t\trequired aria-required='true' \/>\n\t<\/div>\n\n<div style=\"\" class='grunion-field-text-wrap grunion-field-wrap'  >\n<label\n\t\t\t\tfor='g1375-topic'\n\t\t\t\tclass='grunion-field-label text'\n\t\t\t\t>Konu<\/label>\n<input\n\t\t\t\t\ttype='text'\n\t\t\t\t\tname='g1375-topic'\n\t\t\t\t\tid='g1375-topic'\n\t\t\t\t\tvalue=''\n\t\t\t\t\tclass='text  grunion-field' \n\t\t\t\t\t \/>\n\t<\/div>\n\n<div style=\"\" class='grunion-field-textarea-wrap grunion-field-wrap'  >\n<label\n\t\t\t\tfor='contact-form-comment-g1375-message'\n\t\t\t\tclass='grunion-field-label textarea'\n\t\t\t\t>\u0130leti<\/label>\n<textarea\n\t\t                style=''\n\t\t                name='g1375-message'\n\t\t                id='contact-form-comment-g1375-message'\n\t\t                rows='20' class='textarea  grunion-field'  ><\/textarea>\n\t<\/div>\n\t<p class='contact-submit'>\n\t\t<button type='submit' class='pushbutton-wide'>G\u00f6nder<\/button>\t\t<input type='hidden' name='contact-form-id' value='1375' \/>\n\t\t<input type='hidden' name='action' value='grunion-contact-form' \/>\n\t\t<input type='hidden' name='contact-form-hash' value='83eddc267ad134b05dc6cb2a5335b8fd85f5cc96' \/>\n\t<\/p>\n<p style=\"display: none !important;\" class=\"akismet-fields-container\" data-prefix=\"ak_\"><label>&#916;<textarea name=\"ak_hp_textarea\" cols=\"45\" rows=\"8\" maxlength=\"100\"><\/textarea><\/label><input type=\"hidden\" id=\"ak_js_1\" name=\"ak_js\" value=\"55\"\/><script type=\"text\/javascript\">\ndocument.getElementById( \"ak_js_1\" ).setAttribute( \"value\", ( new Date() ).getTime() );\n<\/script>\n<\/p><input type=\"hidden\" name=\"trp-form-language\" value=\"tr\"\/><\/form>\n<\/div>\n\n\t\t<\/div>\n\t<\/div>\n<\/div><\/div><\/div><div class=\"wpb_column vc_column_container vc_col-sm-1\"><div class=\"vc_column-inner\"><div class=\"wpb_wrapper\"><\/div><\/div><\/div><\/div><\/div><div class=\"clearfix\"><\/div><\/section><section class=\"vc_row wpb_row vc_row-fluid\"><div class=\"container\"><div class=\"row\"><div class=\"wpb_column vc_column_container vc_col-sm-12\"><div class=\"vc_column-inner\"><div class=\"wpb_wrapper\"><\/div><\/div><\/div><\/div><\/div><div class=\"clearfix\"><\/div><\/section>","protected":false},"excerpt":{"rendered":"DESIGN &amp; CONSTRUCTION WE CREATE URBAN&amp;REGIONAL PLANNING \/ ARCHITECTURE \/ INTERIOR ARCHITECTURE \/ LANDSCAPE ARCHITECTURE \/ INDUSTRIAL DESIGN #\u00a0urban design theory and policies, urban pattern and history, urban architecture, urban form and aesthetic, ecology, technical infrastructure, transportation, urban landscape, urban sociology and economy, urban design methods and techniques,\u00a0contemporary, innovative, forerunner,\u00a0creative, environment-friendly, technology, fine arts, human-social [...]","protected":false},"author":2,"featured_media":1878,"parent":0,"menu_order":0,"comment_status":"closed","ping_status":"closed","template":"page-templates\/template-fullwidth.php","meta":[],"_links":{"self":[{"href":"https:\/\/www.sinanmertsener.com\/tr\/wp-json\/wp\/v2\/pages\/1375"}],"collection":[{"href":"https:\/\/www.sinanmertsener.com\/tr\/wp-json\/wp\/v2\/pages"}],"about":[{"href":"https:\/\/www.sinanmertsener.com\/tr\/wp-json\/wp\/v2\/types\/page"}],"author":[{"embeddable":true,"href":"https:\/\/www.sinanmertsener.com\/tr\/wp-json\/wp\/v2\/users\/2"}],"replies":[{"embeddable":true,"href":"https:\/\/www.sinanmertsener.com\/tr\/wp-json\/wp\/v2\/comments?post=1375"}],"version-history":[{"count":34,"href":"https:\/\/www.sinanmertsener.com\/tr\/wp-json\/wp\/v2\/pages\/1375\/revisions"}],"predecessor-version":[{"id":3338,"href":"https:\/\/www.sinanmertsener.com\/tr\/wp-json\/wp\/v2\/pages\/1375\/revisions\/3338"}],"wp:featuredmedia":[{"embeddable":true,"href":"https:\/\/www.sinanmertsener.com\/tr\/wp-json\/wp\/v2\/media\/1878"}],"wp:attachment":[{"href":"https:\/\/www.sinanmertsener.com\/tr\/wp-json\/wp\/v2\/media?parent=1375"}],"curies":[{"name":"wp","href":"https:\/\/api.w.org\/{rel}","templated":true}]}}