{"id":2924,"date":"2017-10-09T11:52:17","date_gmt":"2017-10-09T11:52:17","guid":{"rendered":"http:\/\/www.sinanmertsener.com\/?page_id=2924"},"modified":"2017-10-09T12:43:05","modified_gmt":"2017-10-09T12:43:05","slug":"dogukansalman","status":"publish","type":"page","link":"https:\/\/www.sinanmertsener.com\/tr\/dogukansalman\/","title":{"rendered":""},"content":{"rendered":"<section class=\"vc_row wpb_row vc_row-fluid\"><div class=\"container\"><div class=\"row\"><div class=\"wpb_column vc_column_container vc_col-sm-12 vc_col-has-fill\"><div class=\"vc_column-inner vc_custom_1491301301471\"><div class=\"wpb_wrapper\">\n\t<div class=\"wpb_text_column wpb_content_element\" >\n\t\t<div class=\"wpb_wrapper\">\n\t\t\t<h3><span style=\"color: #ffffff;\">\u0130SMA\u0130L DO\u011eUKAN SALMAN<\/span><\/h3>\n<h3><span style=\"color: #ffffff;\">23.09.1990 |\u0130stanbul| dogukan@hivetto.com<\/span><\/h3>\n\n\t\t<\/div>\n\t<\/div>\n<div class=\"vc_empty_space\"   style=\"height: 32px\"><span class=\"vc_empty_space_inner\"><\/span><\/div><div class=\"vc_tta-container\" data-vc-action=\"collapseAll\"><div class=\"vc_general vc_tta vc_tta-accordion vc_tta-color-grey vc_tta-style-modern vc_tta-shape-square vc_tta-o-shape-group vc_tta-controls-align-left vc_tta-o-all-clickable\"><div class=\"vc_tta-panels-container\"><div class=\"vc_tta-panels\"><div class=\"vc_tta-panel\" id=\"1491297757860-d4e6fae6-0b6a24f0-3d59f87c-7099\" data-vc-content=\".vc_tta-panel-body\"><div class=\"vc_tta-panel-heading\"><h4 class=\"vc_tta-panel-title vc_tta-controls-icon-position-left\"><a href=\"#1491297757860-d4e6fae6-0b6a24f0-3d59f87c-7099\" data-vc-accordion data-vc-container=\".vc_tta-container\"><span class=\"vc_tta-title-text\">PROJECTS AT HIVE<\/span><i class=\"vc_tta-controls-icon vc_tta-controls-icon-triangle\"><\/i><\/a><\/h4><\/div><div class=\"vc_tta-panel-body\">\n\t<div class=\"wpb_text_column wpb_content_element\" >\n\t\t<div class=\"wpb_wrapper\">\n\t\t\t<p>M\u00dc. \u0130\u015fletme Fak\u00fcltesi ve Merkezi Derslik Bloklar\u0131, Mimari Avan ve Uygulama Projeleri,\u0130T\u00dc-NovaTTO, 2015.<\/p>\n<p>M\u00dc. Hukuk Fak\u00fcltesi ve Bas\u0131n Yay\u0131n Fak\u00fcltesi Bloklar\u0131, Mimari Avan ve Uygulama Projeleri,\u0130T\u00dc-Nova TTO, 2015.<\/p>\n<p>\u0130T\u00dc Kavitasyon T\u00fcneli Mimari avan ve uygulama projeleri, \u0130T\u00dc,2017<\/p>\n\n\t\t<\/div>\n\t<\/div>\n<\/div><\/div><div class=\"vc_tta-panel\" id=\"1491297620786-51e0a739-031624f0-3d59f87c-7099\" data-vc-content=\".vc_tta-panel-body\"><div class=\"vc_tta-panel-heading\"><h4 class=\"vc_tta-panel-title vc_tta-controls-icon-position-left\"><a href=\"#1491297620786-51e0a739-031624f0-3d59f87c-7099\" data-vc-accordion data-vc-container=\".vc_tta-container\"><span class=\"vc_tta-title-text\">RESEARCH PROJECTS<\/span><i class=\"vc_tta-controls-icon vc_tta-controls-icon-triangle\"><\/i><\/a><\/h4><\/div><div class=\"vc_tta-panel-body\">\n\t<div class=\"wpb_text_column wpb_content_element\" >\n\t\t<div class=\"wpb_wrapper\">\n\t\t\t<p><em>B-BOX Konteyner ile Yerle\u015fke Tasarlama Mod\u00fcl\u00fc,<\/em>\u00a0Haziran 2016-\u2026<\/p>\n\n\t\t<\/div>\n\t<\/div>\n<\/div><\/div><div class=\"vc_tta-panel\" id=\"1491294801057-859ab57d-e70c24f0-3d59f87c-7099\" data-vc-content=\".vc_tta-panel-body\"><div class=\"vc_tta-panel-heading\"><h4 class=\"vc_tta-panel-title vc_tta-controls-icon-position-left\"><a href=\"#1491294801057-859ab57d-e70c24f0-3d59f87c-7099\" data-vc-accordion data-vc-container=\".vc_tta-container\"><span class=\"vc_tta-title-text\">ACADEMIC QUALIFICATIONS<\/span><i class=\"vc_tta-controls-icon vc_tta-controls-icon-triangle\"><\/i><\/a><\/h4><\/div><div class=\"vc_tta-panel-body\">\n\t<div class=\"wpb_text_column wpb_content_element\" >\n\t\t<div class=\"wpb_wrapper\">\n\t\t\t<p>Lisans \u00a0 \u00a0 \u00a0 \u00a0 \u00a0 \u00a0 \u00a0 \u00a0 \u00a0 \u00a0 \u00a0 2009-2014, Yeditepe \u00dcniversitesi,\u00a0\u0130n\u015faat M\u00fchendisli\u011fi B\u00f6l\u00fcm\u00fc (%100 Burs),<\/p>\n<p>Lisans \u00a0 \u00a0 \u00a0 \u00a0 \u00a0 \u00a0 \u00a0 \u00a0 \u00a0 \u00a0 \u00a0 2011-2015,\u00a0Yeditepe \u00dcniversitesi, Mimarl\u0131k B\u00f6l\u00fcm\u00fc (%100 Burs),<\/p>\n<p>Y\u00fcksek Lisans \u00a0 \u00a0 \u00a0 \u00a0 2017-&#8230;, \u0130T\u00dc\u00a0FBE, Mimari Tasar\u0131m B\u00f6l\u00fcm\u00fc, YL Program\u0131.<\/p>\n\n\t\t<\/div>\n\t<\/div>\n<\/div><\/div><\/div><\/div><\/div><\/div><\/div><\/div><\/div><\/div><\/div><div class=\"clearfix\"><\/div><\/section>","protected":false},"excerpt":{"rendered":"\u0130SMA\u0130L DO\u011eUKAN SALMAN 23.09.1990 |\u0130stanbul| dogukan@hivetto.com PROJECTS AT HIVE M\u00dc. \u0130\u015fletme Fak\u00fcltesi ve Merkezi Derslik Bloklar\u0131, Mimari Avan ve Uygulama Projeleri,\u0130T\u00dc-NovaTTO, 2015. M\u00dc. Hukuk Fak\u00fcltesi ve Bas\u0131n Yay\u0131n Fak\u00fcltesi Bloklar\u0131, Mimari Avan ve Uygulama Projeleri,\u0130T\u00dc-Nova TTO, 2015. \u0130T\u00dc Kavitasyon T\u00fcneli Mimari avan ve uygulama projeleri, \u0130T\u00dc,2017 RESEARCH PROJECTS B-BOX Konteyner ile Yerle\u015fke Tasarlama Mod\u00fcl\u00fc,\u00a0Haziran 2016-\u2026 [...]","protected":false},"author":2,"featured_media":0,"parent":0,"menu_order":0,"comment_status":"closed","ping_status":"closed","template":"page-templates\/template-fullwidth.php","meta":[],"_links":{"self":[{"href":"https:\/\/www.sinanmertsener.com\/tr\/wp-json\/wp\/v2\/pages\/2924"}],"collection":[{"href":"https:\/\/www.sinanmertsener.com\/tr\/wp-json\/wp\/v2\/pages"}],"about":[{"href":"https:\/\/www.sinanmertsener.com\/tr\/wp-json\/wp\/v2\/types\/page"}],"author":[{"embeddable":true,"href":"https:\/\/www.sinanmertsener.com\/tr\/wp-json\/wp\/v2\/users\/2"}],"replies":[{"embeddable":true,"href":"https:\/\/www.sinanmertsener.com\/tr\/wp-json\/wp\/v2\/comments?post=2924"}],"version-history":[{"count":0,"href":"https:\/\/www.sinanmertsener.com\/tr\/wp-json\/wp\/v2\/pages\/2924\/revisions"}],"wp:attachment":[{"href":"https:\/\/www.sinanmertsener.com\/tr\/wp-json\/wp\/v2\/media?parent=2924"}],"curies":[{"name":"wp","href":"https:\/\/api.w.org\/{rel}","templated":true}]}}