{"id":2943,"date":"2017-10-09T12:41:16","date_gmt":"2017-10-09T12:41:16","guid":{"rendered":"http:\/\/www.sinanmertsener.com\/?page_id=2943"},"modified":"2017-10-09T12:41:53","modified_gmt":"2017-10-09T12:41:53","slug":"ardadonmez","status":"publish","type":"page","link":"https:\/\/www.sinanmertsener.com\/tr\/ardadonmez\/","title":{"rendered":""},"content":{"rendered":"<section class=\"vc_row wpb_row vc_row-fluid\"><div class=\"container\"><div class=\"row\"><div class=\"wpb_column vc_column_container vc_col-sm-12 vc_col-has-fill\"><div class=\"vc_column-inner vc_custom_1491301301471\"><div class=\"wpb_wrapper\">\n\t<div class=\"wpb_text_column wpb_content_element\" >\n\t\t<div class=\"wpb_wrapper\">\n\t\t\t<h3><span style=\"color: #ffffff;\">MSc. Architect Arda D\u00d6NMEZ<\/span><\/h3>\n<h3><span style=\"color: #ffffff;\">03.06.1988 |\u0130stanbul| arda@hivetto.com<\/span><\/h3>\n\n\t\t<\/div>\n\t<\/div>\n<div class=\"vc_empty_space\"   style=\"height: 32px\"><span class=\"vc_empty_space_inner\"><\/span><\/div><div class=\"vc_tta-container\" data-vc-action=\"collapseAll\"><div class=\"vc_general vc_tta vc_tta-accordion vc_tta-color-grey vc_tta-style-modern vc_tta-shape-square vc_tta-o-shape-group vc_tta-controls-align-left vc_tta-o-all-clickable\"><div class=\"vc_tta-panels-container\"><div class=\"vc_tta-panels\"><div class=\"vc_tta-panel\" id=\"1491297757860-d4e6fae6-0b6a24f0-3d59a6ff-1c14\" data-vc-content=\".vc_tta-panel-body\"><div class=\"vc_tta-panel-heading\"><h4 class=\"vc_tta-panel-title vc_tta-controls-icon-position-left\"><a href=\"#1491297757860-d4e6fae6-0b6a24f0-3d59a6ff-1c14\" data-vc-accordion data-vc-container=\".vc_tta-container\"><span class=\"vc_tta-title-text\">PROJECTS AT HIVE<\/span><i class=\"vc_tta-controls-icon vc_tta-controls-icon-triangle\"><\/i><\/a><\/h4><\/div><div class=\"vc_tta-panel-body\">\n\t<div class=\"wpb_text_column wpb_content_element\" >\n\t\t<div class=\"wpb_wrapper\">\n\t\t\t<p>Antakya Belediyesi Spor Merkezi, Mimari Projeleri, \u0130T\u00dc D.S., Hatay, 2011.<\/p>\n<p>Antakya Mobilyac\u0131lar Sanayi Sitesi, Kentsel Tasar\u0131m ve Mimari Projeleri, \u0130T\u00dc D.S., 2012.<\/p>\n<p>Antakya ALKAN Konutlar\u0131, Kentsel Tasar\u0131m ve Mimari Projeleri, Hatay, 2012.<\/p>\n<p>\u0130.T.\u00dc.Denizcilik Fak\u00fcltesi, Binali Y\u0131ld\u0131r\u0131m Yurdu, Tuzla, \u0130stanbul, 2012.<\/p>\n<p>\u0130T\u00dc Denizcilik Fak\u00fcltesi \u00d6\u011fretim \u00dcyeleri ve E\u011fitim Blo\u011fu, Tuzla, \u0130stanbul, 2013.<\/p>\n<p>Tac-Mahal Konut,\u00c7ar\u015f\u0131 ve Ofis Kompleksi, \u0130T\u00dc D.S., Esenyurt , \u0130stanbul,2013.<\/p>\n<p>K\u00fclt\u00fcr A\u015e, Natuk Birkan Okullar\u0131 Ayaza\u011fa Spor Kompleksi, \u0130stanbul,2013.<\/p>\n<p>Terra, Ata\u015fehir Yerle\u015fkesi, Eminta\u015f A\u015e, \u0130T\u00dc-Nova TTO, 2013.<\/p>\n<p>\u0130.T.\u00dc.Y. Diller Y. Okulu ve \u00d6\u011frenci Merkezi, \u0130T\u00dc D.S., Ayaza\u011fa, \u0130stanbul, 2013.<\/p>\n<p>\u0130T\u00dc Merkezi Mustafa \u0130nan K\u00fct\u00fcphanesi Ek Blo\u011fu ,Mimari Avan ve Uygulama Projesi, 2013.<\/p>\n<p>\u0130stanbul Medeniyet \u00dcniversitesi Master Plan\u0131, \u0130T\u00dc D.S. \u0130stanbul, 2014.<\/p>\n<p>\u0130stanbul Marmara \u00dcniversitesi G\u00f6ztepe Kampusu Master Plan\u0131, \u0130T\u00dc D.S. \u0130stanbul, 2014.<\/p>\n<p>\u0130stanbul Marmara \u00dcniversitesi Ba\u015f\u0131b\u00fcy\u00fck Kampusu Master Plan\u0131, \u0130T\u00dc D.S. \u0130stanbul, 2014.<\/p>\n<p>\u0130T\u00dc Vakf\u0131 Natuk Birkan Ortaokulu Ek Blo\u011fu, \u0130T\u00dc-Nova TTO, \u0130stanbul, 2014.<\/p>\n<p>Mardin,Artuklu Kaymakaml\u0131\u011f\u0131, Mimari Uygulama Projeleri, \u0130T\u00dc DS., Mardin,2014.<\/p>\n<p>M\u00dc. G\u00f6ztepe Kampusu Master Projesi, \u0130T\u00dc-Nova TTO, \u0130stanbul, 2014.<\/p>\n<p>M\u00dc. \u0130\u015fletme Fak\u00fcltesi ve Merkezi Derslik Bloklar\u0131, Mimari Avan ve Uygulama Projeleri,\u0130T\u00dc-NovaTTO, 2015.<\/p>\n<p>M\u00dc. Hukuk Fak\u00fcltesi ve Bas\u0131n Yay\u0131n Fak\u00fcltesi Bloklar\u0131, Mimari Avan ve Uygulama Projeleri,\u0130T\u00dc-Nova TTO, 2015.<\/p>\n<p>\u0130T\u00dc Kavitasyon T\u00fcneli Mimari avan ve uygulama projeleri, \u0130T\u00dc,2017<\/p>\n\n\t\t<\/div>\n\t<\/div>\n<\/div><\/div><div class=\"vc_tta-panel\" id=\"1491297620786-51e0a739-031624f0-3d59a6ff-1c14\" data-vc-content=\".vc_tta-panel-body\"><div class=\"vc_tta-panel-heading\"><h4 class=\"vc_tta-panel-title vc_tta-controls-icon-position-left\"><a href=\"#1491297620786-51e0a739-031624f0-3d59a6ff-1c14\" data-vc-accordion data-vc-container=\".vc_tta-container\"><span class=\"vc_tta-title-text\">RESEARCH PROJECTS<\/span><i class=\"vc_tta-controls-icon vc_tta-controls-icon-triangle\"><\/i><\/a><\/h4><\/div><div class=\"vc_tta-panel-body\">\n\t<div class=\"wpb_text_column wpb_content_element\" >\n\t\t<div class=\"wpb_wrapper\">\n\t\t\t<p><em>B-BOX Konteyner ile Yerle\u015fke Tasarlama Mod\u00fcl\u00fc,<\/em>\u00a0Haziran 2016-\u2026<\/p>\n\n\t\t<\/div>\n\t<\/div>\n<\/div><\/div><div class=\"vc_tta-panel\" id=\"1491294801057-859ab57d-e70c24f0-3d59a6ff-1c14\" data-vc-content=\".vc_tta-panel-body\"><div class=\"vc_tta-panel-heading\"><h4 class=\"vc_tta-panel-title vc_tta-controls-icon-position-left\"><a href=\"#1491294801057-859ab57d-e70c24f0-3d59a6ff-1c14\" data-vc-accordion data-vc-container=\".vc_tta-container\"><span class=\"vc_tta-title-text\">ACADEMIC QUALIFICATIONS<\/span><i class=\"vc_tta-controls-icon vc_tta-controls-icon-triangle\"><\/i><\/a><\/h4><\/div><div class=\"vc_tta-panel-body\">\n\t<div class=\"wpb_text_column wpb_content_element\" >\n\t\t<div class=\"wpb_wrapper\">\n\t\t\t<p>Lisans \u00a0 \u00a0 \u00a0 \u00a0 \u00a0 \u00a0 \u00a0 \u00a0 \u00a0 \u00a0 \u00a0 2007-2011, \u0130T\u00dc\u00a0Mimarl\u0131k Fak\u00fcltesi, Mimarl\u0131k B\u00f6l\u00fcm\u00fc,<\/p>\n<p>Y\u00fcksek Lisans \u00a0 \u00a0 \u00a0 \u00a0 2012-2015, \u0130T\u00dc\u00a0FBE, Mimari Tasar\u0131m B\u00f6l\u00fcm\u00fc, YL Program\u0131<\/p>\n<p>Doktora \u00a0 \u00a0 \u00a0 \u00a0 \u00a0 \u00a0 \u00a0 \u00a0 \u00a0 2016-&#8230;, KO\u00dc Mimarl\u0131k, DR\u00a0Program\u0131.<\/p>\n\n\t\t<\/div>\n\t<\/div>\n<\/div><\/div><div class=\"vc_tta-panel\" id=\"1491294775156-a958cd0b-66d924f0-3d59a6ff-1c14\" data-vc-content=\".vc_tta-panel-body\"><div class=\"vc_tta-panel-heading\"><h4 class=\"vc_tta-panel-title vc_tta-controls-icon-position-left\"><a href=\"#1491294775156-a958cd0b-66d924f0-3d59a6ff-1c14\" data-vc-accordion data-vc-container=\".vc_tta-container\"><span class=\"vc_tta-title-text\">ACADEMIC THESIS<\/span><i class=\"vc_tta-controls-icon vc_tta-controls-icon-triangle\"><\/i><\/a><\/h4><\/div><div class=\"vc_tta-panel-body\">\n\t<div class=\"wpb_text_column wpb_content_element\" >\n\t\t<div class=\"wpb_wrapper\">\n\t\t\t<h4>TAMAMLANMI\u015e Y\u00dcKSEK L\u0130SANS TEZLER\u0130 (\u0130T\u00dc FBE)<\/h4>\n<p>&nbsp;<\/p>\n<p><em>\u201c\u0130l\u00e7e Belediye Hizmet Binalar\u0131nda Tasar\u0131m Yakla\u015f\u0131mlar\u0131n\u0131n Mekan Dizim Y\u00f6ntemiyle \u0130ncelenmesi\u201d<\/em>, Arda D\u00d6NMEZ, \u0130T\u00dc FBE, May\u0131s 2015.<\/p>\n\n\t\t<\/div>\n\t<\/div>\n<\/div><\/div><\/div><\/div><\/div><\/div><\/div><\/div><\/div><\/div><\/div><div class=\"clearfix\"><\/div><\/section>","protected":false},"excerpt":{"rendered":"MSc. Architect Arda D\u00d6NMEZ 03.06.1988 |\u0130stanbul| arda@hivetto.com PROJECTS AT HIVE Antakya Belediyesi Spor Merkezi, Mimari Projeleri, \u0130T\u00dc D.S., Hatay, 2011. Antakya Mobilyac\u0131lar Sanayi Sitesi, Kentsel Tasar\u0131m ve Mimari Projeleri, \u0130T\u00dc D.S., 2012. Antakya ALKAN Konutlar\u0131, Kentsel Tasar\u0131m ve Mimari Projeleri, Hatay, 2012. \u0130.T.\u00dc.Denizcilik Fak\u00fcltesi, Binali Y\u0131ld\u0131r\u0131m Yurdu, Tuzla, \u0130stanbul, 2012. \u0130T\u00dc Denizcilik Fak\u00fcltesi \u00d6\u011fretim \u00dcyeleri [...]","protected":false},"author":2,"featured_media":0,"parent":0,"menu_order":0,"comment_status":"closed","ping_status":"closed","template":"page-templates\/template-fullwidth.php","meta":[],"_links":{"self":[{"href":"https:\/\/www.sinanmertsener.com\/tr\/wp-json\/wp\/v2\/pages\/2943"}],"collection":[{"href":"https:\/\/www.sinanmertsener.com\/tr\/wp-json\/wp\/v2\/pages"}],"about":[{"href":"https:\/\/www.sinanmertsener.com\/tr\/wp-json\/wp\/v2\/types\/page"}],"author":[{"embeddable":true,"href":"https:\/\/www.sinanmertsener.com\/tr\/wp-json\/wp\/v2\/users\/2"}],"replies":[{"embeddable":true,"href":"https:\/\/www.sinanmertsener.com\/tr\/wp-json\/wp\/v2\/comments?post=2943"}],"version-history":[{"count":0,"href":"https:\/\/www.sinanmertsener.com\/tr\/wp-json\/wp\/v2\/pages\/2943\/revisions"}],"wp:attachment":[{"href":"https:\/\/www.sinanmertsener.com\/tr\/wp-json\/wp\/v2\/media?parent=2943"}],"curies":[{"name":"wp","href":"https:\/\/api.w.org\/{rel}","templated":true}]}}